{"id":52,"date":"2018-04-17T12:38:22","date_gmt":"2018-04-17T10:38:22","guid":{"rendered":"http:\/\/www.dauden.com\/it\/?page_id=52"},"modified":"2019-12-09T10:33:45","modified_gmt":"2019-12-09T09:33:45","slug":"brevetto-europeo","status":"publish","type":"page","link":"https:\/\/www.dauden.com\/it\/nozioni-di-base-di-pi\/brevetti-e-modelli-di-utilita\/brevetto-europeo\/","title":{"rendered":"Brevetto Europeo"},"content":{"rendered":"<p>[vc_row][vc_column][vc_empty_space height=&#8221;67px&#8221;][vc_single_image image=&#8221;4584&#8243; img_size=&#8221;full&#8221; alignment=&#8221;center&#8221;][vc_empty_space height=&#8221;17px&#8221;]<div class=\"divider dashed-sm div-center\" ><i class=\" center fa fa-chevron-up\"><\/i><\/div>[\/vc_column][\/vc_row][vc_row][vc_column][vc_empty_space height=&#8221;20px&#8221;]<div class='heading simple head_69d28e294f972 centered' ><h2 class='head_tag main-color'><\/p>\nBrevetto Europeo\n<p><\/h2><\/div>[vc_empty_space height=&#8221;25px&#8221;][vc_column_text el_class=&#8221;txt_24x2&#8243; css=&#8221;.vc_custom_1572871341944{padding-right: 100px !important;padding-left: 100px !important;}&#8221;]Il brevetto europeo \u00e8 un brevetto valido in tutti gli stati dell\u2019Europa che hanno aderito alla Convenzione sul Brevetto Europeo di cui fanno parte gli stati dell\u2019Unione Europea oltre ad alcuni stati fuori dell\u2019Unione. In ogni caso il brevetto europeo non \u00e8 un diritto unitario ma un insieme di registrazioni di brevetti nazionali.<\/p>\n<p>La procedura di concessione del brevetto europeo prevede un\u2019unica domanda, redatta in una lingua a scelta fra l\u2019inglese il francese e il tedesco e permette di ottenere un brevetto negli Stati membri dell\u2019Organizzazione Europea dei Brevetti designati dal richiedente al momento della presentazione della domanda.<\/p>\n<p>La procedura \u00e8 suddivisa in due fasi: quella di deposito della domanda che comprende l\u2019esame formale e la ricerca di anteriorit\u00e0 con susseguente pubblicazione della domanda e del rapporto di ricerca; quella dell\u2019esame di merito della domanda che si conclude con l\u2019eventuale concessione del brevetto.<\/p>\n<p>Se il brevetto viene concesso il richiedente pu\u00f2 iniziare le procedure di convalida in tutti gli Stati designati. Se la lingua in cui \u00e8 stato presentato il brevetto non \u00e8 la lingua ufficiale dello Stato designato, si dovr\u00e0 provvedere al deposito della relativa traduzione nel termine di tre mesi dalla concessione del brevetto europeo. Una volta concesso, il brevetto nazionale rimarr\u00e0 valido fino alla sua scadenza sempre che vengano pagate le tasse annuali di mantenimento nei rispettivi Stati.<\/p>\n<p>Ci sono solo due tipi di procedure centralizzate a seguito della concessione del brevetto europeo, la procedura di opposizione (che permette ai terzi di presentare un\u2019opposizione contro la registrazione del brevetto europeo, nel termine di nove mesi a partire dalla data di concessione del brevetto europeo) e le procedure di limitazione e revoca.[\/vc_column_text][vc_empty_space height=&#8221;25px&#8221;]<div class=\"divider dashed-sm div-center\" ><i class=\" center fa fa-chevron-up\"><\/i><\/div>[vc_empty_space height=&#8221;67&#8243;][\/vc_column][\/vc_row][vc_row][vc_column width=&#8221;1\/2&#8243;]<div class='icon_box icon_box_classic icbx_69d28e294fade vc_custom_1575884017812 icbx-hover-shad square icon-center bl_icbx text-center'><div class='box_icon box-md-icon block_icon hover_1 icon_pad ic-img'><div class='bx_in_icon square'><span><img width=\"145\" height=\"145\" src=\"https:\/\/www.dauden.com\/it\/wp-content\/uploads\/sites\/4\/2018\/05\/icon-dauden-12.jpg\" class=\"attachment-full\" alt=\"\" loading=\"lazy\" \/><\/span><\/div><\/div><div class='box_content'><h6 class='box_title'><a href=\"http:\/\/www.dauden.com\/it\/nozioni-di-base-di-pi\/brevetti-e-modelli-di-utilita\/brevetto-spagnolo\/\" title=\"\" target=\"_self\">Brevetto<br \/>\nSpagnolo<\/a><\/h6><a class='more_dots box_more centered' href='http:\/\/www.dauden.com\/it\/nozioni-di-base-di-pi\/brevetti-e-modelli-di-utilita\/brevetto-spagnolo\/' title='' target='_self'><i><\/i><i><\/i><i><\/i><\/a><\/div><\/div>[vc_empty_space height=&#8221;67&#8243;][\/vc_column][vc_column width=&#8221;1\/2&#8243;]<div class='icon_box icon_box_classic icbx_69d28e2950076 vc_custom_1573034120639 icbx-hover-shad square icon-center bl_icbx text-center'><div class='box_icon box-md-icon block_icon hover_1 icon_pad ic-img'><div class='bx_in_icon square'><span><img width=\"145\" height=\"145\" src=\"https:\/\/www.dauden.com\/it\/wp-content\/uploads\/sites\/4\/2018\/05\/icon-dauden-08.jpg\" class=\"attachment-full\" alt=\"\" loading=\"lazy\" \/><\/span><\/div><\/div><div class='box_content'><h6 class='box_title'><a href=\"http:\/\/www.dauden.com\/it\/nozioni-di-base-di-pi\/brevetti-e-modelli-di-utilita\/brevetto-internazionale\/\" title=\"\" target=\"_self\">Brevetto<br \/>\nInternazionale (PCT)<\/a><\/h6><a class='more_dots box_more centered' href='http:\/\/www.dauden.com\/it\/nozioni-di-base-di-pi\/brevetti-e-modelli-di-utilita\/brevetto-internazionale\/' title='' target='_self'><i><\/i><i><\/i><i><\/i><\/a><\/div><\/div>[vc_empty_space height=&#8221;67&#8243;][\/vc_column][\/vc_row][vc_row][vc_column]<div class=\"btn-container\"><a id=\"oc_btn_69d28e2950580\" class=\"cp_btn anim-3d cp_btn-xxl square btn-style-flat btn-align-center\" href=\"http:\/\/www.dauden.com\/it\/nozioni-di-base-di-pi\/\" title=\"\" target=\"_self\"><span class=\"btn_wrap\"><span class=\"btn_el btn_front\"><span class=\"btn_txt\">NOZIONI DI BASE DI PI<\/span><\/span><span class=\"btn_el btn_back\"><span class=\"btn_txt\">NOZIONI DI BASE DI PI<\/span><\/span><\/span><\/a><\/div>[vc_empty_space height=&#8221;50&#8243;][\/vc_column][\/vc_row]<\/p>\n","protected":false},"excerpt":{"rendered":"<p><a class=\"more-btn btn btn-sm left\" href=\"https:\/\/www.dauden.com\/it\/nozioni-di-base-di-pi\/brevetti-e-modelli-di-utilita\/brevetto-europeo\/\"><span>Leggi di pi\u00f9<\/span><\/a><\/p>\n","protected":false},"author":1,"featured_media":4825,"parent":48,"menu_order":2,"comment_status":"closed","ping_status":"closed","template":"","meta":[],"yoast_head":"\n<title>Il brevetto europeo \u00e8 un brevetto valido in tutti gli stati dell\u2019Europa che hanno aderito alla Convenzione sul Brevetto Europeo<\/title>\n<meta name=\"description\" content=\"La procedura di concessione del brevetto europeo prevede un\u2019unica domanda, redatta in una lingua a scelta fra l\u2019inglese il francese e il tedesco e permette di ottenere un brevetto negli Stati membri dell\u2019Organizzazione Europea dei Brevetti designati dal richiedente al momento della presentazione della domanda.\" \/>\n<meta name=\"robots\" content=\"index, follow, max-snippet:-1, max-image-preview:large, max-video-preview:-1\" \/>\n<link rel=\"canonical\" href=\"https:\/\/www.dauden.com\/it\/nozioni-di-base-di-pi\/brevetti-e-modelli-di-utilita\/brevetto-europeo\/\" \/>\n<meta property=\"og:locale\" content=\"it_IT\" \/>\n<meta property=\"og:type\" content=\"article\" \/>\n<meta property=\"og:title\" content=\"Il brevetto europeo \u00e8 un brevetto valido in tutti gli stati dell\u2019Europa che hanno aderito alla Convenzione sul Brevetto Europeo\" \/>\n<meta property=\"og:description\" content=\"La procedura di concessione del brevetto europeo prevede un\u2019unica domanda, redatta in una lingua a scelta fra l\u2019inglese il francese e il tedesco e permette di ottenere un brevetto negli Stati membri dell\u2019Organizzazione Europea dei Brevetti designati dal richiedente al momento della presentazione della domanda.\" \/>\n<meta property=\"og:url\" content=\"https:\/\/www.dauden.com\/it\/nozioni-di-base-di-pi\/brevetti-e-modelli-di-utilita\/brevetto-europeo\/\" \/>\n<meta property=\"og:site_name\" content=\"Abogados Daud\u00e9n, Spagna\" \/>\n<meta property=\"article:publisher\" content=\"https:\/\/www.facebook.com\/abogadosdauden\/\" \/>\n<meta property=\"article:modified_time\" content=\"2019-12-09T09:33:45+00:00\" \/>\n<meta property=\"og:image\" content=\"https:\/\/www.dauden.com\/it\/wp-content\/uploads\/sites\/4\/2018\/06\/patents-eu.jpg\" \/>\n\t<meta property=\"og:image:width\" content=\"340\" \/>\n\t<meta property=\"og:image:height\" content=\"200\" \/>\n<meta name=\"twitter:card\" content=\"summary_large_image\" \/>\n<meta name=\"twitter:site\" content=\"@ABOGADOSDAUDEN\" \/>\n<meta name=\"twitter:label1\" content=\"Tempo di lettura stimato\">\n\t<meta name=\"twitter:data1\" content=\"3 minuti\">\n<script type=\"application\/ld+json\" class=\"yoast-schema-graph\">{\"@context\":\"https:\/\/schema.org\",\"@graph\":[{\"@type\":\"WebSite\",\"@id\":\"https:\/\/www.dauden.com\/it\/#website\",\"url\":\"https:\/\/www.dauden.com\/it\/\",\"name\":\"Abogados Daud\\u00e9n, Spagna\",\"description\":\"Trademarks, Community Design and Patents, Spain\",\"potentialAction\":[{\"@type\":\"SearchAction\",\"target\":\"https:\/\/www.dauden.com\/it\/?s={search_term_string}\",\"query-input\":\"required name=search_term_string\"}],\"inLanguage\":\"it-IT\"},{\"@type\":\"ImageObject\",\"@id\":\"https:\/\/www.dauden.com\/it\/nozioni-di-base-di-pi\/brevetti-e-modelli-di-utilita\/brevetto-europeo\/#primaryimage\",\"inLanguage\":\"it-IT\",\"url\":\"https:\/\/www.dauden.com\/it\/wp-content\/uploads\/sites\/4\/2018\/06\/patents-eu.jpg\",\"width\":340,\"height\":200},{\"@type\":\"WebPage\",\"@id\":\"https:\/\/www.dauden.com\/it\/nozioni-di-base-di-pi\/brevetti-e-modelli-di-utilita\/brevetto-europeo\/#webpage\",\"url\":\"https:\/\/www.dauden.com\/it\/nozioni-di-base-di-pi\/brevetti-e-modelli-di-utilita\/brevetto-europeo\/\",\"name\":\"Il brevetto europeo \\u00e8 un brevetto valido in tutti gli stati dell\\u2019Europa che hanno aderito alla Convenzione sul Brevetto Europeo\",\"isPartOf\":{\"@id\":\"https:\/\/www.dauden.com\/it\/#website\"},\"primaryImageOfPage\":{\"@id\":\"https:\/\/www.dauden.com\/it\/nozioni-di-base-di-pi\/brevetti-e-modelli-di-utilita\/brevetto-europeo\/#primaryimage\"},\"datePublished\":\"2018-04-17T10:38:22+00:00\",\"dateModified\":\"2019-12-09T09:33:45+00:00\",\"description\":\"La procedura di concessione del brevetto europeo prevede un\\u2019unica domanda, redatta in una lingua a scelta fra l\\u2019inglese il francese e il tedesco e permette di ottenere un brevetto negli Stati membri dell\\u2019Organizzazione Europea dei Brevetti designati dal richiedente al momento della presentazione della domanda.\",\"inLanguage\":\"it-IT\",\"potentialAction\":[{\"@type\":\"ReadAction\",\"target\":[\"https:\/\/www.dauden.com\/it\/nozioni-di-base-di-pi\/brevetti-e-modelli-di-utilita\/brevetto-europeo\/\"]}]}]}<\/script>\n","amp_validity":null,"amp_enabled":true,"_links":{"self":[{"href":"https:\/\/www.dauden.com\/it\/wp-json\/wp\/v2\/pages\/52"}],"collection":[{"href":"https:\/\/www.dauden.com\/it\/wp-json\/wp\/v2\/pages"}],"about":[{"href":"https:\/\/www.dauden.com\/it\/wp-json\/wp\/v2\/types\/page"}],"author":[{"embeddable":true,"href":"https:\/\/www.dauden.com\/it\/wp-json\/wp\/v2\/users\/1"}],"replies":[{"embeddable":true,"href":"https:\/\/www.dauden.com\/it\/wp-json\/wp\/v2\/comments?post=52"}],"version-history":[{"count":1,"href":"https:\/\/www.dauden.com\/it\/wp-json\/wp\/v2\/pages\/52\/revisions"}],"predecessor-version":[{"id":5194,"href":"https:\/\/www.dauden.com\/it\/wp-json\/wp\/v2\/pages\/52\/revisions\/5194"}],"up":[{"embeddable":true,"href":"https:\/\/www.dauden.com\/it\/wp-json\/wp\/v2\/pages\/48"}],"wp:featuredmedia":[{"embeddable":true,"href":"https:\/\/www.dauden.com\/it\/wp-json\/wp\/v2\/media\/4825"}],"wp:attachment":[{"href":"https:\/\/www.dauden.com\/it\/wp-json\/wp\/v2\/media?parent=52"}],"curies":[{"name":"wp","href":"https:\/\/api.w.org\/{rel}","templated":true}]}}