{"id":64,"date":"2018-04-17T13:02:41","date_gmt":"2018-04-17T11:02:41","guid":{"rendered":"http:\/\/www.dauden.com\/es\/?page_id=64"},"modified":"2019-12-05T10:30:08","modified_gmt":"2019-12-05T09:30:08","slug":"derechos-de-autor","status":"publish","type":"page","link":"https:\/\/www.dauden.com\/es\/nociones-basicas-de-pi\/derechos-de-autor\/","title":{"rendered":"Derechos de autor"},"content":{"rendered":"<p>[vc_row][vc_column][vc_empty_space height=\u00bb67px\u00bb][vc_single_image image=\u00bb4574&#8243; img_size=\u00bbfull\u00bb alignment=\u00bbcenter\u00bb][vc_empty_space height=\u00bb17px\u00bb]<div class=\"divider dashed-sm div-center\" ><i class=\" center fa fa-chevron-up\"><\/i><\/div>[\/vc_column][\/vc_row][vc_row][vc_column][vc_empty_space height=\u00bb20px\u00bb]<div class='heading simple head_6a08ecba53db8 centered' ><h2 class='head_tag main-color'><\/p>\nCopyright\n<p><\/h2><\/div>[vc_empty_space height=\u00bb25px\u00bb][vc_column_text el_class=\u00bbtxt_24x2&#8243; css=\u00bb.vc_custom_1575538205790{padding-right: 100px !important;padding-left: 100px !important;}\u00bb]<\/p>\n<p style=\"text-align: left;\">El derecho de autor es la parte del derecho que protege las obras creativas de naturaleza creativa que pertenecen a la literatura, la m\u00fasica, las artes figurativas, la arquitectura, el teatro y la cinematograf\u00eda, sea cual sea el modo o la forma de expresi\u00f3n.<\/p>\n<p style=\"text-align: left;\">Las obras que pueden estar protegidas por derechos de autor son todas formas de creaci\u00f3n que son originales. Los derechos de autor protegen solo la forma de expresi\u00f3n de ideas y no las ideas mismas. De hecho, no es necesario que la idea sea nueva para ser protegida, sino que la forma en que se expresa es el resultado de una creaci\u00f3n de su autor.<\/p>\n<p style=\"text-align: left;\">Para obtener la protecci\u00f3n de la obra, no es necesario que se registre, ya que el derecho exclusivo de la obra conferido al autor surge en el momento de su creaci\u00f3n.<\/p>\n<p style=\"text-align: left;\">El titular de los derechos de autor de una obra es, generalmente, al menos inicialmente, la persona que cre\u00f3 la obra. Al autor se le reconocen diferentes derechos, absolutos y originalmente atribuidos, que lo protegen con respecto a su propia personalidad como autor llamado \u00abderechos morales\u00bb, y con respecto al uso econ\u00f3mico de la obra creada, llamados \u00abderechos patrimoniales\u00bb.<\/p>\n<p style=\"text-align: left; padding-left: 30px;\"><strong>1. Derechos morales<\/strong>, protegen la personalidad del autor y, en particular, el derecho a reclamar la autor\u00eda de la obra, el derecho a oponerse a deformaciones o modificaciones y el derecho a retirar la obra del comercio. Los derechos morales siempre siguen al autor y no pueden transferirse.<\/p>\n<p style=\"text-align: left; padding-left: 30px;\"><strong>2. Derechos patrimoniales,<\/strong> el autor tiene el derecho exclusivo de usar el trabajo en cualquier modo o forma, original o derivada, dentro de los l\u00edmites determinados por la ley. Los autores a menudo asignan los derechos de explotaci\u00f3n econ\u00f3mica de sus obras a terceros o a una empresa de gesti\u00f3n mediante el pago de una suma o regal\u00edas.<\/p>\n<p style=\"text-align: left;\">Los derechos de explotaci\u00f3n econ\u00f3mica relacionados con los derechos de autor tienen una duraci\u00f3n limitada, comenzando desde la creaci\u00f3n de la obra y extendi\u00e9ndose hasta no menos de 50 a\u00f1os despu\u00e9s de la muerte del autor. Sin embargo, cada estado puede establecer una mayor duraci\u00f3n.<\/p>\n<p>En las \u00faltimas d\u00e9cadas, hemos sido testigos cada vez m\u00e1s del desarrollo de nuevos derechos relacionados con los derechos de autor. Estos derechos llamados \u00abderechos conexos\u00bb se atribuyen a aquellos que, con su actividad comercial o su propia creatividad, intervienen en el trabajo en s\u00ed mismo, por ejemplo, al registrar, producir o distribuir el trabajo (derecho del productor de fonogramas, derechos relacionados con la transmisi\u00f3n de radio y televisi\u00f3n, derechos de artistas, artistas int\u00e9rpretes o ejecutantes). Los derechos conexos tambi\u00e9n son, como derechos los de autor, derechos exclusivos que se pueden afirmar erga omnes y reflejan obras o actividades intelectuales. A direferencia de derechos de autor, estos derechos no tienen como objeto una creaci\u00f3n intelectual, sino un acto de actividad industrial o profesional que est\u00e1 protegido como tal, compatible con el derecho del autor. Otra diferencia radica en que la duraci\u00f3n de la protecci\u00f3n de los derechos conexos es menor que los derechos de autor.[\/vc_column_text][vc_empty_space height=\u00bb25px\u00bb]<div class=\"divider dashed-sm div-center\" ><i class=\" center fa fa-chevron-up\"><\/i><\/div>[vc_empty_space height=\u00bb25&#8243;][\/vc_column][\/vc_row][vc_row][vc_column]<div class=\"btn-container\"><a id=\"oc_btn_6a08ecba53e7f\" class=\"cp_btn anim-3d cp_btn-xxl square btn-style-flat btn-align-center\" href=\"http:\/\/www.dauden.com\/es\/nociones-basicas-de-pi\/\" title=\"\" target=\"_self\"><span class=\"btn_wrap\"><span class=\"btn_el btn_front\"><span class=\"btn_txt\">NOCIONES B\u00c1SICAS DE PI<\/span><\/span><span class=\"btn_el btn_back\"><span class=\"btn_txt\">NOCIONES B\u00c1SICAS DE PI<\/span><\/span><\/span><\/a><\/div>[vc_empty_space height=\u00bb50&#8243;][\/vc_column][\/vc_row]<\/p>\n","protected":false},"excerpt":{"rendered":"<p><a class=\"more-btn btn btn-sm left\" href=\"https:\/\/www.dauden.com\/es\/nociones-basicas-de-pi\/derechos-de-autor\/\"><span>Leer m\u00e1s<\/span><\/a><\/p>\n","protected":false},"author":1,"featured_media":4832,"parent":213,"menu_order":4,"comment_status":"closed","ping_status":"closed","template":"","meta":[],"yoast_head":"\n<title>Para obtener la protecci\u00f3n de la obra, no es necesario que se registre.<\/title>\n<meta name=\"description\" content=\"El titular de los derechos de autor de una obra es, generalmente, al menos inicialmente, la persona que cre\u00f3 la obra. Al autor se le reconocen diferentes derechos que le protegen con respecto a su propia personalidad como autor llamado &quot;derechos morales&quot;.\" \/>\n<meta name=\"robots\" content=\"index, follow, max-snippet:-1, max-image-preview:large, max-video-preview:-1\" \/>\n<link rel=\"canonical\" href=\"https:\/\/www.dauden.com\/es\/nociones-basicas-de-pi\/derechos-de-autor\/\" \/>\n<meta property=\"og:locale\" content=\"es_ES\" \/>\n<meta property=\"og:type\" content=\"article\" \/>\n<meta property=\"og:title\" content=\"Para obtener la protecci\u00f3n de la obra, no es necesario que se registre.\" \/>\n<meta property=\"og:description\" content=\"El titular de los derechos de autor de una obra es, generalmente, al menos inicialmente, la persona que cre\u00f3 la obra. Al autor se le reconocen diferentes derechos que le protegen con respecto a su propia personalidad como autor llamado &quot;derechos morales&quot;.\" \/>\n<meta property=\"og:url\" content=\"https:\/\/www.dauden.com\/es\/nociones-basicas-de-pi\/derechos-de-autor\/\" \/>\n<meta property=\"og:site_name\" content=\"Abogados Daud\u00e9n, Agentes de la Propiedad Industrial, Marcas y Patentes, Espa\u00f1a\" \/>\n<meta property=\"article:publisher\" content=\"https:\/\/www.facebook.com\/abogadosdauden\/\" \/>\n<meta property=\"article:modified_time\" content=\"2019-12-05T09:30:08+00:00\" \/>\n<meta property=\"og:image\" content=\"https:\/\/www.dauden.com\/es\/wp-content\/uploads\/sites\/5\/2018\/06\/copyright.jpg\" \/>\n\t<meta property=\"og:image:width\" content=\"340\" \/>\n\t<meta property=\"og:image:height\" content=\"200\" \/>\n<meta name=\"twitter:card\" content=\"summary_large_image\" \/>\n<meta name=\"twitter:site\" content=\"@ABOGADOSDAUDEN\" \/>\n<meta name=\"twitter:label1\" content=\"Tiempo de lectura\">\n\t<meta name=\"twitter:data1\" content=\"3 minutos\">\n<script type=\"application\/ld+json\" class=\"yoast-schema-graph\">{\"@context\":\"https:\/\/schema.org\",\"@graph\":[{\"@type\":\"WebSite\",\"@id\":\"https:\/\/www.dauden.com\/es\/#website\",\"url\":\"https:\/\/www.dauden.com\/es\/\",\"name\":\"Abogados Daud\\u00e9n, Agentes de la Propiedad Industrial, Marcas y Patentes, Espa\\u00f1a\",\"description\":\"Marcas, dise\\u00f1o comunitario y patentes, Espa\\u00f1a\",\"potentialAction\":[{\"@type\":\"SearchAction\",\"target\":\"https:\/\/www.dauden.com\/es\/?s={search_term_string}\",\"query-input\":\"required name=search_term_string\"}],\"inLanguage\":\"es\"},{\"@type\":\"ImageObject\",\"@id\":\"https:\/\/www.dauden.com\/es\/nociones-basicas-de-pi\/derechos-de-autor\/#primaryimage\",\"inLanguage\":\"es\",\"url\":\"https:\/\/www.dauden.com\/es\/wp-content\/uploads\/sites\/5\/2018\/06\/copyright.jpg\",\"width\":340,\"height\":200},{\"@type\":\"WebPage\",\"@id\":\"https:\/\/www.dauden.com\/es\/nociones-basicas-de-pi\/derechos-de-autor\/#webpage\",\"url\":\"https:\/\/www.dauden.com\/es\/nociones-basicas-de-pi\/derechos-de-autor\/\",\"name\":\"Para obtener la protecci\\u00f3n de la obra, no es necesario que se registre.\",\"isPartOf\":{\"@id\":\"https:\/\/www.dauden.com\/es\/#website\"},\"primaryImageOfPage\":{\"@id\":\"https:\/\/www.dauden.com\/es\/nociones-basicas-de-pi\/derechos-de-autor\/#primaryimage\"},\"datePublished\":\"2018-04-17T11:02:41+00:00\",\"dateModified\":\"2019-12-05T09:30:08+00:00\",\"description\":\"El titular de los derechos de autor de una obra es, generalmente, al menos inicialmente, la persona que cre\\u00f3 la obra. Al autor se le reconocen diferentes derechos que le protegen con respecto a su propia personalidad como autor llamado \\\"derechos morales\\\".\",\"inLanguage\":\"es\",\"potentialAction\":[{\"@type\":\"ReadAction\",\"target\":[\"https:\/\/www.dauden.com\/es\/nociones-basicas-de-pi\/derechos-de-autor\/\"]}]}]}<\/script>\n","amp_validity":null,"amp_enabled":true,"_links":{"self":[{"href":"https:\/\/www.dauden.com\/es\/wp-json\/wp\/v2\/pages\/64"}],"collection":[{"href":"https:\/\/www.dauden.com\/es\/wp-json\/wp\/v2\/pages"}],"about":[{"href":"https:\/\/www.dauden.com\/es\/wp-json\/wp\/v2\/types\/page"}],"author":[{"embeddable":true,"href":"https:\/\/www.dauden.com\/es\/wp-json\/wp\/v2\/users\/1"}],"replies":[{"embeddable":true,"href":"https:\/\/www.dauden.com\/es\/wp-json\/wp\/v2\/comments?post=64"}],"version-history":[{"count":2,"href":"https:\/\/www.dauden.com\/es\/wp-json\/wp\/v2\/pages\/64\/revisions"}],"predecessor-version":[{"id":5191,"href":"https:\/\/www.dauden.com\/es\/wp-json\/wp\/v2\/pages\/64\/revisions\/5191"}],"up":[{"embeddable":true,"href":"https:\/\/www.dauden.com\/es\/wp-json\/wp\/v2\/pages\/213"}],"wp:featuredmedia":[{"embeddable":true,"href":"https:\/\/www.dauden.com\/es\/wp-json\/wp\/v2\/media\/4832"}],"wp:attachment":[{"href":"https:\/\/www.dauden.com\/es\/wp-json\/wp\/v2\/media?parent=64"}],"curies":[{"name":"wp","href":"https:\/\/api.w.org\/{rel}","templated":true}]}}