{"id":56,"date":"2018-04-17T12:49:00","date_gmt":"2018-04-17T10:49:00","guid":{"rendered":"http:\/\/www.dauden.com\/es\/?page_id=56"},"modified":"2019-12-05T10:14:40","modified_gmt":"2019-12-05T09:14:40","slug":"disenos-y-modelos","status":"publish","type":"page","link":"https:\/\/www.dauden.com\/es\/nociones-basicas-de-pi\/disenos-y-modelos\/","title":{"rendered":"Dise\u00f1os y Modelos"},"content":{"rendered":"<p>[vc_row][vc_column][vc_empty_space height=\u00bb67px\u00bb][vc_single_image image=\u00bb4573&#8243; img_size=\u00bbfull\u00bb alignment=\u00bbcenter\u00bb][vc_empty_space height=\u00bb17px\u00bb]<div class=\"divider dashed-sm div-center\" ><i class=\" center fa fa-chevron-up\"><\/i><\/div>[\/vc_column][\/vc_row][vc_row][vc_column][vc_empty_space height=\u00bb20px\u00bb]<div class='heading simple head_6a09006ceb105 centered' ><h2 class='head_tag main-color'><\/p>\nDise\u00f1os y Modelos\n<p><\/h2><\/div>[vc_empty_space height=\u00bb25px\u00bb][vc_column_text el_class=\u00bbtxt_24x2&#8243; css=\u00bb.vc_custom_1575537277353{padding-right: 100px !important;padding-left: 100px !important;}\u00bb]<\/p>\n<p style=\"text-align: left;\">En el \u00e1mbito de la propiedad industrial, el t\u00e9rmino \u00abdise\u00f1o\u00bb se refiere a la apariencia externa de un producto determinado, es decir, su est\u00e9tica. La b\u00fasqueda de un dise\u00f1o original puede permitirle ganar cuota de mercado y fortalecer la imagen comercial de la empresa, as\u00ed como su reconocimiento. Por estas razones, la protecci\u00f3n del dise\u00f1o es un elemento esencial de la estrategia empresarial de cada emprendedor o dise\u00f1ador.<br \/>\nDesde el punto de vista legal, viene considerado como dise\u00f1o la apariencia de un producto o parte de un producto al que est\u00e1 intr\u00ednsecamente conectado. Se entiend por producto cualquier objeto industrial o artesanal, incluyendo embalaje, s\u00edmbolos gr\u00e1ficos y fuentes. Partes de productos que se pueden desmontar y volver a montar tambi\u00e9n se pueden incluir en la protecci\u00f3n.<br \/>\nEl registro del dibujo o modelo otorga a su titular un derecho exclusivo, durante un cierto per\u00edodo de tiempo, sobre la apariencia del producto. El dise\u00f1o no protege la funci\u00f3n del producto. En particular, el propietario de un dibujo o modelo registrado puede impedir que terceros no autorizados fabriquen, construyan, vendan, importen, exporten o utilicen el producto al que se incorpora o se aplica el dibujo o modelo.<\/p>\n<p><strong>En general, para ser registrado, un dibujo o modelo debe cumplir ciertos requisitos b\u00e1sicos en funci\u00f3n de la legislaci\u00f3n nacional o regional:<\/strong><br \/>\n\u2022 Novedad: Un dibujo se considerar\u00e1 nuevo cuando no se haya puesto a disposici\u00f3n del p\u00fablico antes de la fecha de la solicitud de registro o, si se reivindica la prioridad antes de la fecha de la misma; el dibujo o modelo se considerar\u00e1 \u00abdivulgado\u00bb si se ha exhibido, comercializado o publicado de otro modo antes de la fecha de la solicitud de registro o, si se reivindica la prioridad, antes de la fecha de \u00e9sta \u00faltima.<br \/>\n\u2022 Car\u00e1cter singular: un dise\u00f1o tiene car\u00e1cter singular cuando la impresi\u00f3n general, que da en el usuario informado, difiere de la impresi\u00f3n general suscitada en ese usuario por cualquier otro modelo o dise\u00f1o que haya sido divulgado antes de la fecha de la solicitud de registro o, si se reivindica prioridad, antes de la fecha de \u00e9sta, de cualquier otro dise\u00f1o (que se ha puesto a disposici\u00f3n del p\u00fablico).<br \/>\n\u2022 Legalidad: significa que el modelo no debe ser contrario al orden p\u00fablico y a las buenas costumbres.[\/vc_column_text][vc_empty_space height=\u00bb25px\u00bb]<div class=\"divider dashed-sm div-center\" ><i class=\" center fa fa-chevron-up\"><\/i><\/div>[vc_empty_space height=\u00bb67&#8243;][\/vc_column][\/vc_row][vc_row][vc_column width=\u00bb1\/3&#8243;]<div class='icon_box icon_box_classic icbx_6a09006ceb276 vc_custom_1573646098196 icbx-hover-shad square icon-center bl_icbx text-center'><div class='box_icon box-md-icon block_icon hover_1 icon_pad ic-img'><div class='bx_in_icon square'><span><img width=\"145\" height=\"145\" src=\"https:\/\/www.dauden.com\/es\/wp-content\/uploads\/sites\/5\/2018\/05\/icon-dauden-12.jpg\" class=\"attachment-full\" alt=\"\" loading=\"lazy\" \/><\/span><\/div><\/div><div class='box_content'><h6 class='box_title'><a href=\"http:\/\/www.dauden.com\/es\/nociones-basicas-de-pi\/disenos-y-modelos\/diseno-espanol\/\" title=\"\" target=\"_self\">Dise\u00f1o<br \/>\nEspa\u00f1ol <\/a><\/h6><a class='more_dots box_more centered' href='http:\/\/www.dauden.com\/es\/nociones-basicas-de-pi\/disenos-y-modelos\/diseno-espanol\/' title='' target='_self'><i><\/i><i><\/i><i><\/i><\/a><\/div><\/div>[vc_empty_space height=\u00bb67&#8243;][\/vc_column][vc_column width=\u00bb1\/3&#8243;]<div class='icon_box icon_box_classic icbx_6a09006ceb7d8 vc_custom_1573646113735 icbx-hover-shad square icon-center bl_icbx text-center'><div class='box_icon box-md-icon block_icon hover_1 icon_pad ic-img'><div class='bx_in_icon square'><span><img width=\"145\" height=\"145\" src=\"https:\/\/www.dauden.com\/es\/wp-content\/uploads\/sites\/5\/2018\/05\/icon-dauden-13.jpg\" class=\"attachment-full\" alt=\"\" loading=\"lazy\" \/><\/span><\/div><\/div><div class='box_content'><h6 class='box_title'><a href=\"http:\/\/www.dauden.com\/es\/nociones-basicas-de-pi\/disenos-y-modelos\/diseno-comunitario\/\" title=\"\" target=\"_self\">Dise\u00f1o<br \/>\nComunitario<\/a><\/h6><a class='more_dots box_more centered' href='http:\/\/www.dauden.com\/es\/nociones-basicas-de-pi\/disenos-y-modelos\/diseno-comunitario\/' title='' target='_self'><i><\/i><i><\/i><i><\/i><\/a><\/div><\/div>[vc_empty_space height=\u00bb67&#8243;][\/vc_column][vc_column width=\u00bb1\/3&#8243;]<div class='icon_box icon_box_classic icbx_6a09006cebc3a vc_custom_1573646136262 icbx-hover-shad square icon-center bl_icbx text-center'><div class='box_icon box-md-icon block_icon hover_1 icon_pad ic-img'><div class='bx_in_icon square'><span><img width=\"145\" height=\"145\" src=\"https:\/\/www.dauden.com\/es\/wp-content\/uploads\/sites\/5\/2018\/05\/icon-dauden-08.jpg\" class=\"attachment-full\" alt=\"\" loading=\"lazy\" \/><\/span><\/div><\/div><div class='box_content'><h6 class='box_title'><a href=\"http:\/\/www.dauden.com\/es\/nociones-basicas-de-pi\/disenos-y-modelos\/diseno-internacional\/\" title=\"\" target=\"_self\">Dise\u00f1o<br \/>\nInternacional <\/a><\/h6><a class='more_dots box_more centered' href='http:\/\/www.dauden.com\/es\/nociones-basicas-de-pi\/disenos-y-modelos\/diseno-internacional\/' title='' target='_self'><i><\/i><i><\/i><i><\/i><\/a><\/div><\/div>[vc_empty_space height=\u00bb67&#8243;][\/vc_column][\/vc_row][vc_row][vc_column]<div class=\"btn-container\"><a id=\"oc_btn_6a09006cec010\" class=\"cp_btn anim-3d cp_btn-xxl square btn-style-flat btn-align-center\" href=\"http:\/\/www.dauden.com\/es\/nociones-basicas-de-pi\/\" title=\"\" target=\"_self\"><span class=\"btn_wrap\"><span class=\"btn_el btn_front\"><span class=\"btn_txt\">NOCIONES B\u00c1SICAS DE PI<\/span><\/span><span class=\"btn_el btn_back\"><span class=\"btn_txt\">NOCIONES B\u00c1SICAS DE PI<\/span><\/span><\/span><\/a><\/div>[vc_empty_space height=\u00bb50&#8243;][\/vc_column][\/vc_row]<\/p>\n","protected":false},"excerpt":{"rendered":"<p><a class=\"more-btn btn btn-sm left\" href=\"https:\/\/www.dauden.com\/es\/nociones-basicas-de-pi\/disenos-y-modelos\/\"><span>Leer m\u00e1s<\/span><\/a><\/p>\n","protected":false},"author":1,"featured_media":4827,"parent":213,"menu_order":3,"comment_status":"closed","ping_status":"closed","template":"","meta":[],"yoast_head":"\n<title>Para ser registrado, un dibujo o modelo debe cumplir ciertos requisitos b\u00e1sicos en funci\u00f3n de la legislaci\u00f3n nacional o regional.<\/title>\n<meta name=\"description\" content=\"El registro del dibujo o modelo otorga a su titular un derecho exclusivo, durante un cierto per\u00edodo de tiempo, sobre la apariencia del producto.\" \/>\n<meta name=\"robots\" content=\"index, follow, max-snippet:-1, max-image-preview:large, max-video-preview:-1\" \/>\n<link rel=\"canonical\" href=\"https:\/\/www.dauden.com\/es\/nociones-basicas-de-pi\/disenos-y-modelos\/\" \/>\n<meta property=\"og:locale\" content=\"es_ES\" \/>\n<meta property=\"og:type\" content=\"article\" \/>\n<meta property=\"og:title\" content=\"Para ser registrado, un dibujo o modelo debe cumplir ciertos requisitos b\u00e1sicos en funci\u00f3n de la legislaci\u00f3n nacional o regional.\" \/>\n<meta property=\"og:description\" content=\"El registro del dibujo o modelo otorga a su titular un derecho exclusivo, durante un cierto per\u00edodo de tiempo, sobre la apariencia del producto.\" \/>\n<meta property=\"og:url\" content=\"https:\/\/www.dauden.com\/es\/nociones-basicas-de-pi\/disenos-y-modelos\/\" \/>\n<meta property=\"og:site_name\" content=\"Abogados Daud\u00e9n, Agentes de la Propiedad Industrial, Marcas y Patentes, Espa\u00f1a\" \/>\n<meta property=\"article:publisher\" content=\"https:\/\/www.facebook.com\/abogadosdauden\/\" \/>\n<meta property=\"article:modified_time\" content=\"2019-12-05T09:14:40+00:00\" \/>\n<meta property=\"og:image\" content=\"https:\/\/www.dauden.com\/es\/wp-content\/uploads\/sites\/5\/2018\/06\/designs.jpg\" \/>\n\t<meta property=\"og:image:width\" content=\"340\" \/>\n\t<meta property=\"og:image:height\" content=\"200\" \/>\n<meta name=\"twitter:card\" content=\"summary_large_image\" \/>\n<meta name=\"twitter:site\" content=\"@ABOGADOSDAUDEN\" \/>\n<meta name=\"twitter:label1\" content=\"Tiempo de lectura\">\n\t<meta name=\"twitter:data1\" content=\"4 minutos\">\n<script type=\"application\/ld+json\" class=\"yoast-schema-graph\">{\"@context\":\"https:\/\/schema.org\",\"@graph\":[{\"@type\":\"WebSite\",\"@id\":\"https:\/\/www.dauden.com\/es\/#website\",\"url\":\"https:\/\/www.dauden.com\/es\/\",\"name\":\"Abogados Daud\\u00e9n, Agentes de la Propiedad Industrial, Marcas y Patentes, Espa\\u00f1a\",\"description\":\"Marcas, dise\\u00f1o comunitario y patentes, Espa\\u00f1a\",\"potentialAction\":[{\"@type\":\"SearchAction\",\"target\":\"https:\/\/www.dauden.com\/es\/?s={search_term_string}\",\"query-input\":\"required name=search_term_string\"}],\"inLanguage\":\"es\"},{\"@type\":\"ImageObject\",\"@id\":\"https:\/\/www.dauden.com\/es\/nociones-basicas-de-pi\/disenos-y-modelos\/#primaryimage\",\"inLanguage\":\"es\",\"url\":\"https:\/\/www.dauden.com\/es\/wp-content\/uploads\/sites\/5\/2018\/06\/designs.jpg\",\"width\":340,\"height\":200},{\"@type\":\"WebPage\",\"@id\":\"https:\/\/www.dauden.com\/es\/nociones-basicas-de-pi\/disenos-y-modelos\/#webpage\",\"url\":\"https:\/\/www.dauden.com\/es\/nociones-basicas-de-pi\/disenos-y-modelos\/\",\"name\":\"Para ser registrado, un dibujo o modelo debe cumplir ciertos requisitos b\\u00e1sicos en funci\\u00f3n de la legislaci\\u00f3n nacional o regional.\",\"isPartOf\":{\"@id\":\"https:\/\/www.dauden.com\/es\/#website\"},\"primaryImageOfPage\":{\"@id\":\"https:\/\/www.dauden.com\/es\/nociones-basicas-de-pi\/disenos-y-modelos\/#primaryimage\"},\"datePublished\":\"2018-04-17T10:49:00+00:00\",\"dateModified\":\"2019-12-05T09:14:40+00:00\",\"description\":\"El registro del dibujo o modelo otorga a su titular un derecho exclusivo, durante un cierto per\\u00edodo de tiempo, sobre la apariencia del producto.\",\"inLanguage\":\"es\",\"potentialAction\":[{\"@type\":\"ReadAction\",\"target\":[\"https:\/\/www.dauden.com\/es\/nociones-basicas-de-pi\/disenos-y-modelos\/\"]}]}]}<\/script>\n","amp_validity":null,"amp_enabled":true,"_links":{"self":[{"href":"https:\/\/www.dauden.com\/es\/wp-json\/wp\/v2\/pages\/56"}],"collection":[{"href":"https:\/\/www.dauden.com\/es\/wp-json\/wp\/v2\/pages"}],"about":[{"href":"https:\/\/www.dauden.com\/es\/wp-json\/wp\/v2\/types\/page"}],"author":[{"embeddable":true,"href":"https:\/\/www.dauden.com\/es\/wp-json\/wp\/v2\/users\/1"}],"replies":[{"embeddable":true,"href":"https:\/\/www.dauden.com\/es\/wp-json\/wp\/v2\/comments?post=56"}],"version-history":[{"count":2,"href":"https:\/\/www.dauden.com\/es\/wp-json\/wp\/v2\/pages\/56\/revisions"}],"predecessor-version":[{"id":5189,"href":"https:\/\/www.dauden.com\/es\/wp-json\/wp\/v2\/pages\/56\/revisions\/5189"}],"up":[{"embeddable":true,"href":"https:\/\/www.dauden.com\/es\/wp-json\/wp\/v2\/pages\/213"}],"wp:featuredmedia":[{"embeddable":true,"href":"https:\/\/www.dauden.com\/es\/wp-json\/wp\/v2\/media\/4827"}],"wp:attachment":[{"href":"https:\/\/www.dauden.com\/es\/wp-json\/wp\/v2\/media?parent=56"}],"curies":[{"name":"wp","href":"https:\/\/api.w.org\/{rel}","templated":true}]}}