{"id":48,"date":"2018-04-17T12:03:11","date_gmt":"2018-04-17T10:03:11","guid":{"rendered":"http:\/\/www.dauden.com\/es\/?page_id=48"},"modified":"2019-12-09T09:53:31","modified_gmt":"2019-12-09T08:53:31","slug":"patentes-y-modelos-de-utilidad","status":"publish","type":"page","link":"https:\/\/www.dauden.com\/es\/nociones-basicas-de-pi\/patentes-y-modelos-de-utilidad\/","title":{"rendered":"Patentes y Modelos de Utilidad"},"content":{"rendered":"<p>[vc_row][vc_column][vc_empty_space height=\u00bb67px\u00bb][vc_single_image image=\u00bb4572&#8243; img_size=\u00bbfull\u00bb alignment=\u00bbcenter\u00bb][vc_empty_space height=\u00bb17px\u00bb]<div class=\"divider dashed-sm div-center\" ><i class=\" center fa fa-chevron-up\"><\/i><\/div>[\/vc_column][\/vc_row][vc_row][vc_column][vc_empty_space height=\u00bb20px\u00bb]<div class='heading simple head_6a0900a8453e3 centered' ><h2 class='head_tag main-color'><\/p>\nPatentes y Modelos de Utilidad\n<p><\/h2><\/div>[vc_empty_space height=\u00bb25px\u00bb][vc_column_text el_class=\u00bbtxt_24x2&#8243; css=\u00bb.vc_custom_1575534978946{padding-right: 100px !important;padding-left: 100px !important;}\u00bb]<\/p>\n<p style=\"text-align: left;\">Una patente otorga a su inventor un derecho exclusivo a la invenci\u00f3n. Permite a su propietario excluir a otros de la explotaci\u00f3n de la invenci\u00f3n en el territorio en el que se concedi\u00f3. Por lo tanto, permite al titular impedir que terceros fabriquen, importen o utilicen dicha invenci\u00f3n.<\/p>\n<p>La protecci\u00f3n se concede por un per\u00edodo de tiempo limitado, generalmente de 20 a\u00f1os, y para una zona geogr\u00e1fica espec\u00edfica. Despu\u00e9s de este per\u00edodo, la invenci\u00f3n puede ser utilizada por cualquier persona porque la patente no es renovable. Se trata de un acuerdo entre el Estado y el inventor que, a cambio de derechos exclusivos, tiene la obligaci\u00f3n de hacer que la invenci\u00f3n sea accesible al p\u00fablico una vez que se haya completado el plazo de protecci\u00f3n.<\/p>\n<p>Para ser registrada y, por lo tanto, patentada, una invenci\u00f3n debe cumplir muchos requisitos entre ellos: ser nuevo, poseer actividad inventiva, ser aplicable industrialmente y tener el car\u00e1cter de plenitud legal. De hecho, es considerada una invenci\u00f3n, cualquier soluci\u00f3n nueva y original a un problema t\u00e9cnico que nunca antes se ha resuelto, o resuelto de otro modo, y es susceptible a la aplicaci\u00f3n industrial.<\/p>\n<h3>Novedad<\/h3>\n<p>Una invenci\u00f3n se considera nueva si no est\u00e1 incluida en el estado de la t\u00e9cnica. El estado de la t\u00e9cnica consiste en todo lo que se ha puesto a disposici\u00f3n del p\u00fablico en el territorio del Estado o en el extranjero antes de la fecha de presentaci\u00f3n de la solicitud de patente, a trav\u00e9s de una descripci\u00f3n escrita u oral, un uso o cualquier otro medio.<\/p>\n<h3>Actividad Inventiva<\/h3>\n<p>Se considera que una invenci\u00f3n posee actividad inventiva si, para una persona experta en la materia no resulta evidente por el estado de la t\u00e9cnica.<\/p>\n<h3>Aplicaci\u00f3n industrial<\/h3>\n<p>Se considera que una invenci\u00f3n tiene una aplicaci\u00f3n industrial si su objeto puede fabricarse o utilizarse en cualquier tipo de industria, incluida la agricultura.<\/p>\n<h3>Legalidad<\/h3>\n<p>Las invenciones cuya aplicaci\u00f3n sea contraria al orden p\u00fablico o a las buenas pr\u00e1cticas no pueden patentarse.<\/p>\n<p>Un modelo de utilidad es un derecho de propiedad industrial que protege las invenciones, al igual que una patente, pero generalmente tiene un per\u00edodo de protecci\u00f3n m\u00e1s corto (entre 6 y 15 a\u00f1os) y unos requisitos de registro menos restrictivos.<\/p>\n<p>Pueden ser registrados como modelos de utilidad todas las invenciones siendo nueva e implicando actividad inventiva, consiste en dar a un objeto una configuraci\u00f3n, estructura o constituci\u00f3n de la que resulte alguna ventaja pr\u00e1cticamente apreciable para su uso o fabricaci\u00f3n.[\/vc_column_text][vc_empty_space height=\u00bb25px\u00bb]<div class=\"divider dashed-sm div-center\" ><i class=\" center fa fa-chevron-up\"><\/i><\/div>[vc_empty_space height=\u00bb67&#8243;][\/vc_column][\/vc_row][vc_row][vc_column width=\u00bb1\/3&#8243;]<div class='icon_box icon_box_classic icbx_6a0900a845518 vc_custom_1575881578214 icbx-hover-shad square icon-center bl_icbx text-center'><div class='box_icon box-md-icon block_icon hover_1 icon_pad ic-img'><div class='bx_in_icon square'><span><img width=\"145\" height=\"145\" src=\"https:\/\/www.dauden.com\/es\/wp-content\/uploads\/sites\/5\/2018\/05\/icon-dauden-12.jpg\" class=\"attachment-full\" alt=\"\" loading=\"lazy\" \/><\/span><\/div><\/div><div class='box_content'><h6 class='box_title'><a href=\"http:\/\/www.dauden.com\/es\/nociones-basicas-de-pi\/patentes-y-modelos-de-utilidad\/patente-espanola\/\" title=\"\" target=\"_self\">Patente Espa\u00f1ola <\/a><\/h6><a class='more_dots box_more centered' href='http:\/\/www.dauden.com\/es\/nociones-basicas-de-pi\/patentes-y-modelos-de-utilidad\/patente-espanola\/' title='' target='_self'><i><\/i><i><\/i><i><\/i><\/a><\/div><\/div>[vc_empty_space height=\u00bb67&#8243;][\/vc_column][vc_column width=\u00bb1\/3&#8243;]<div class='icon_box icon_box_classic icbx_6a0900a845a17 vc_custom_1573645764253 icbx-hover-shad square icon-center bl_icbx text-center'><div class='box_icon box-md-icon block_icon hover_1 icon_pad ic-img'><div class='bx_in_icon square'><span><img width=\"145\" height=\"145\" src=\"https:\/\/www.dauden.com\/es\/wp-content\/uploads\/sites\/5\/2018\/05\/icon-dauden-13.jpg\" class=\"attachment-full\" alt=\"\" loading=\"lazy\" \/><\/span><\/div><\/div><div class='box_content'><h6 class='box_title'><a href=\"http:\/\/www.dauden.com\/es\/nociones-basicas-de-pi\/patentes-y-modelos-de-utilidad\/patente-europea\/\" title=\"\" target=\"_self\">Patente<br \/>\nEuropea <\/a><\/h6><a class='more_dots box_more centered' href='http:\/\/www.dauden.com\/es\/nociones-basicas-de-pi\/patentes-y-modelos-de-utilidad\/patente-europea\/' title='' target='_self'><i><\/i><i><\/i><i><\/i><\/a><\/div><\/div>[vc_empty_space height=\u00bb67&#8243;][\/vc_column][vc_column width=\u00bb1\/3&#8243;]<div class='icon_box icon_box_classic icbx_6a0900a845f1c vc_custom_1573645770800 icbx-hover-shad square icon-center bl_icbx text-center'><div class='box_icon box-md-icon block_icon hover_1 icon_pad ic-img'><div class='bx_in_icon square'><span><img width=\"145\" height=\"145\" src=\"https:\/\/www.dauden.com\/es\/wp-content\/uploads\/sites\/5\/2018\/05\/icon-dauden-08.jpg\" class=\"attachment-full\" alt=\"\" loading=\"lazy\" \/><\/span><\/div><\/div><div class='box_content'><h6 class='box_title'><a href=\"http:\/\/www.dauden.com\/es\/nociones-basicas-de-pi\/patentes-y-modelos-de-utilidad\/patente-internacional\/\" title=\"\" target=\"_self\">Patente<br \/>\nInternacional (PCT)<\/a><\/h6><a class='more_dots box_more centered' href='http:\/\/www.dauden.com\/es\/nociones-basicas-de-pi\/patentes-y-modelos-de-utilidad\/patente-internacional\/' title='' target='_self'><i><\/i><i><\/i><i><\/i><\/a><\/div><\/div>[vc_empty_space height=\u00bb67&#8243;][\/vc_column][\/vc_row][vc_row][vc_column]<div class=\"btn-container\"><a id=\"oc_btn_6a0900a8463a5\" class=\"cp_btn anim-3d cp_btn-xxl square btn-style-flat btn-align-center\" href=\"http:\/\/www.dauden.com\/es\/nociones-basicas-de-pi\/\" title=\"\" target=\"_self\"><span class=\"btn_wrap\"><span class=\"btn_el btn_front\"><span class=\"btn_txt\">NOCIONES B\u00c1SICAS DE PI<\/span><\/span><span class=\"btn_el btn_back\"><span class=\"btn_txt\">NOCIONES B\u00c1SICAS DE PI<\/span><\/span><\/span><\/a><\/div>[vc_empty_space height=\u00bb50&#8243;][\/vc_column][\/vc_row]<\/p>\n","protected":false},"excerpt":{"rendered":"<p><a class=\"more-btn btn btn-sm left\" href=\"https:\/\/www.dauden.com\/es\/nociones-basicas-de-pi\/patentes-y-modelos-de-utilidad\/\"><span>Leer m\u00e1s<\/span><\/a><\/p>\n","protected":false},"author":1,"featured_media":4819,"parent":213,"menu_order":2,"comment_status":"closed","ping_status":"closed","template":"","meta":[],"yoast_head":"\n<title>Una patente otorga a su inventor un derecho exclusivo a la invenci\u00f3n.<\/title>\n<meta name=\"description\" content=\"La protecci\u00f3n se concede por un per\u00edodo de tiempo limitado, unos 20 a\u00f1os, y para una zona geogr\u00e1fica espec\u00edfica. Despu\u00e9s de este per\u00edodo la invenci\u00f3n puede ser utilizada por cualquier persona porque la patente no es renovable.\" \/>\n<meta name=\"robots\" content=\"index, follow, max-snippet:-1, max-image-preview:large, max-video-preview:-1\" \/>\n<link rel=\"canonical\" href=\"https:\/\/www.dauden.com\/es\/nociones-basicas-de-pi\/patentes-y-modelos-de-utilidad\/\" \/>\n<meta property=\"og:locale\" content=\"es_ES\" \/>\n<meta property=\"og:type\" content=\"article\" \/>\n<meta property=\"og:title\" content=\"Una patente otorga a su inventor un derecho exclusivo a la invenci\u00f3n.\" \/>\n<meta property=\"og:description\" content=\"La protecci\u00f3n se concede por un per\u00edodo de tiempo limitado, unos 20 a\u00f1os, y para una zona geogr\u00e1fica espec\u00edfica. Despu\u00e9s de este per\u00edodo la invenci\u00f3n puede ser utilizada por cualquier persona porque la patente no es renovable.\" \/>\n<meta property=\"og:url\" content=\"https:\/\/www.dauden.com\/es\/nociones-basicas-de-pi\/patentes-y-modelos-de-utilidad\/\" \/>\n<meta property=\"og:site_name\" content=\"Abogados Daud\u00e9n, Agentes de la Propiedad Industrial, Marcas y Patentes, Espa\u00f1a\" \/>\n<meta property=\"article:publisher\" content=\"https:\/\/www.facebook.com\/abogadosdauden\/\" \/>\n<meta property=\"article:modified_time\" content=\"2019-12-09T08:53:31+00:00\" \/>\n<meta property=\"og:image\" content=\"https:\/\/www.dauden.com\/es\/wp-content\/uploads\/sites\/5\/2018\/06\/patents.jpg\" \/>\n\t<meta property=\"og:image:width\" content=\"340\" \/>\n\t<meta property=\"og:image:height\" content=\"200\" \/>\n<meta name=\"twitter:card\" content=\"summary_large_image\" \/>\n<meta name=\"twitter:site\" content=\"@ABOGADOSDAUDEN\" \/>\n<meta name=\"twitter:label1\" content=\"Tiempo de lectura\">\n\t<meta name=\"twitter:data1\" content=\"4 minutos\">\n<script type=\"application\/ld+json\" class=\"yoast-schema-graph\">{\"@context\":\"https:\/\/schema.org\",\"@graph\":[{\"@type\":\"WebSite\",\"@id\":\"https:\/\/www.dauden.com\/es\/#website\",\"url\":\"https:\/\/www.dauden.com\/es\/\",\"name\":\"Abogados Daud\\u00e9n, Agentes de la Propiedad Industrial, Marcas y Patentes, Espa\\u00f1a\",\"description\":\"Marcas, dise\\u00f1o comunitario y patentes, Espa\\u00f1a\",\"potentialAction\":[{\"@type\":\"SearchAction\",\"target\":\"https:\/\/www.dauden.com\/es\/?s={search_term_string}\",\"query-input\":\"required name=search_term_string\"}],\"inLanguage\":\"es\"},{\"@type\":\"ImageObject\",\"@id\":\"https:\/\/www.dauden.com\/es\/nociones-basicas-de-pi\/patentes-y-modelos-de-utilidad\/#primaryimage\",\"inLanguage\":\"es\",\"url\":\"https:\/\/www.dauden.com\/es\/wp-content\/uploads\/sites\/5\/2018\/06\/patents.jpg\",\"width\":340,\"height\":200},{\"@type\":\"WebPage\",\"@id\":\"https:\/\/www.dauden.com\/es\/nociones-basicas-de-pi\/patentes-y-modelos-de-utilidad\/#webpage\",\"url\":\"https:\/\/www.dauden.com\/es\/nociones-basicas-de-pi\/patentes-y-modelos-de-utilidad\/\",\"name\":\"Una patente otorga a su inventor un derecho exclusivo a la invenci\\u00f3n.\",\"isPartOf\":{\"@id\":\"https:\/\/www.dauden.com\/es\/#website\"},\"primaryImageOfPage\":{\"@id\":\"https:\/\/www.dauden.com\/es\/nociones-basicas-de-pi\/patentes-y-modelos-de-utilidad\/#primaryimage\"},\"datePublished\":\"2018-04-17T10:03:11+00:00\",\"dateModified\":\"2019-12-09T08:53:31+00:00\",\"description\":\"La protecci\\u00f3n se concede por un per\\u00edodo de tiempo limitado, unos 20 a\\u00f1os, y para una zona geogr\\u00e1fica espec\\u00edfica. Despu\\u00e9s de este per\\u00edodo la invenci\\u00f3n puede ser utilizada por cualquier persona porque la patente no es renovable.\",\"inLanguage\":\"es\",\"potentialAction\":[{\"@type\":\"ReadAction\",\"target\":[\"https:\/\/www.dauden.com\/es\/nociones-basicas-de-pi\/patentes-y-modelos-de-utilidad\/\"]}]}]}<\/script>\n","amp_validity":null,"amp_enabled":true,"_links":{"self":[{"href":"https:\/\/www.dauden.com\/es\/wp-json\/wp\/v2\/pages\/48"}],"collection":[{"href":"https:\/\/www.dauden.com\/es\/wp-json\/wp\/v2\/pages"}],"about":[{"href":"https:\/\/www.dauden.com\/es\/wp-json\/wp\/v2\/types\/page"}],"author":[{"embeddable":true,"href":"https:\/\/www.dauden.com\/es\/wp-json\/wp\/v2\/users\/1"}],"replies":[{"embeddable":true,"href":"https:\/\/www.dauden.com\/es\/wp-json\/wp\/v2\/comments?post=48"}],"version-history":[{"count":4,"href":"https:\/\/www.dauden.com\/es\/wp-json\/wp\/v2\/pages\/48\/revisions"}],"predecessor-version":[{"id":5204,"href":"https:\/\/www.dauden.com\/es\/wp-json\/wp\/v2\/pages\/48\/revisions\/5204"}],"up":[{"embeddable":true,"href":"https:\/\/www.dauden.com\/es\/wp-json\/wp\/v2\/pages\/213"}],"wp:featuredmedia":[{"embeddable":true,"href":"https:\/\/www.dauden.com\/es\/wp-json\/wp\/v2\/media\/4819"}],"wp:attachment":[{"href":"https:\/\/www.dauden.com\/es\/wp-json\/wp\/v2\/media?parent=48"}],"curies":[{"name":"wp","href":"https:\/\/api.w.org\/{rel}","templated":true}]}}