{"id":274,"date":"2018-05-04T10:32:39","date_gmt":"2018-05-04T08:32:39","guid":{"rendered":"http:\/\/www.dauden.com\/es\/?page_id=274"},"modified":"2019-11-28T10:47:48","modified_gmt":"2019-11-28T09:47:48","slug":"aviso-legal","status":"publish","type":"page","link":"https:\/\/www.dauden.com\/es\/aviso-legal\/","title":{"rendered":"Aviso Legal"},"content":{"rendered":"<p>[vc_row][vc_column][vc_empty_space height=\u00bb67px\u00bb][vc_single_image image=\u00bb4521&#8243; img_size=\u00bbfull\u00bb alignment=\u00bbcenter\u00bb][vc_empty_space height=\u00bb17px\u00bb]<div class=\"divider dashed-sm div-center\" ><i class=\" center fa fa-chevron-up\"><\/i><\/div>[\/vc_column][\/vc_row][vc_row][vc_column width=\u00bb1\/2&#8243;][vc_empty_space height=\u00bb20px\u00bb][vc_column_text el_class=\u00bbtxt_18x1&#8243;]<\/p>\n<h2>Aviso Legal<\/h2>\n<p>Te agradecemos que hayas decidido visitarnos. Queremos que tu experiencia en el sitio sea lo mejor posible.<\/p>\n<p>Para acceder nuestros servicios, declaras que eres mayor de edad y que tienes capacidad legal de obrar de acuerdo a tu ley nacional.<br \/>\nEl acceso y la navegaci\u00f3n en el sitio web, o el uso de los servicios del mismo, implican la aceptaci\u00f3n expresa e \u00edntegra de estas todas y cada una de las presentes Condiciones Generales, incluidas tanto las Condiciones Particulares fijadas para ciertas promociones como la Pol\u00edtica de Privacidad y Cookies, relativa a las finalidades de los tratamientos de los datos que nos facilites. Por favor, te recomendamos que las leas atentamente.<\/p>\n<h3>1. Informaci\u00f3n Legal<\/h3>\n<p>En cumplimiento de la Ley 34\/2002, de 11 de julio, de Servicios de la Sociedad de la Informaci\u00f3n y del Comercio Electr\u00f3nico, los datos identificativos del titular del Portal Web son:<\/p>\n<p>ABOGADOS DAUD\u00c9N, S.L.P.<br \/>\nAvenida Maisonave n\u00ba11 2\u00baDch<br \/>\n03003 Alicante (Spain)<br \/>\nB53445078<\/p>\n<p>Inscrita en el Registro Mercantil: Registro Mercantil de Alicante, Tomo 2303 Secci\u00f3n 8, Folio 130 Hoja A57371.<\/p>\n<p>Para cualquier duda o consulta, puede ponerse en contacto con nosotros a trav\u00e9s del:<\/p>\n<p>Tel\u00e9fono:\u00a0 965 135 918<br \/>\nEmail: <a href=\"mailto:info@abogados-dauden.com\">info@abogados-dauden.com<\/a>.<\/p>\n<p>El acceso a <a href=\"http:\/\/www.dauden.com\/\">www.dauden.com<\/a> supone la aceptaci\u00f3n expresa del Usuario a las presentes Condiciones Generales de Uso, que podr\u00e1n ser modificadas o sustituidas por su titular en cualquier momento y sin previo aviso.<\/p>\n<h3>2. Condiciones generales de uso<\/h3>\n<p>Las siguientes Condiciones Generales regulan el uso y acceso al portal Web, cuya finalidad es ser puerta de entrada a ABOGADOS DAUD\u00c9N, S.L.P., ofreciendo a los usuarios informaci\u00f3n, servicios y contenidos v\u00eda Web. A trav\u00e9s de la p\u00e1gina web, el Usuario tiene acceso a informaci\u00f3n sobre productos y servicios espec\u00edficos, herramientas y aplicaciones.<\/p>\n<p>Los datos e informaciones sobre productos o servicios, precios y caracter\u00edsticas u otros datos relevantes ofrecidos a trav\u00e9s de la p\u00e1gina web son realizados, proporcionados y actualizados por Proveedores y terceras empresas. ABOGADOS DAUD\u00c9N, S.L.P. no es, en ning\u00fan caso, responsable de dichos datos e informaciones ni asume ninguna obligaci\u00f3n sobre los mismos.<\/p>\n<p>El Usuario se compromete a hacer un uso adecuado de los contenidos, servicios, aplicaciones y herramientas que est\u00e1n accesibles, con sujeci\u00f3n a la Ley y a las presentes Condiciones Generales de Uso y, en su caso a las Condiciones Particulares que puedan establecerse para el acceso a determinados servicios y aplicaciones, respetando en todo momento a los dem\u00e1s Usuarios de la misma.<\/p>\n<p>En caso de incumplimiento total o parcial por el Usuario de las presentes condiciones Generales de Uso, ABOGADOS DAUD\u00c9N, S.L.P. se reserva el derecho de denegar el acceso a sin necesidad de previo aviso al Usuario.<\/p>\n<h3>3. Obligaciones Generales del Usuario<\/h3>\n<p>El Usuario, al aceptar las presentes condiciones Generales de Uso, se obliga expresamente a:<\/p>\n<ul>\n<li>No realizar ninguna acci\u00f3n destinada perjudicar, bloquear, da\u00f1ar, inutilizar, sobrecargar, de forma temporal o definitiva, las funcionalidades, herramientas, contenidos y\/o la infraestructura de la p\u00e1gina web, de manera que impida su normal utilizaci\u00f3n.<\/li>\n<li>Custodiar y mantener la confidencialidad de las claves de acceso asociadas a su nombre de Usuario, siendo responsable de la utilizaci\u00f3n de dichas claves de acceso personales e intransferibles por parte de terceros.<\/li>\n<li>No introducir ni realizar contenidos injuriosos o calumniosos, tanto de otros Usuarios como de terceras empresas ajenas a ABOGADOS DAUD\u00c9N, S.L.P..<\/li>\n<li>No utilizar cualquiera de los materiales e informaciones contenidos en este Sitio Web con fines il\u00edcitos y expresamente prohibidos en las presentes Condiciones Generales de Uso, as\u00ed como a las condiciones particulares que, en su caso, se establezcan para determinadas aplicaciones y\/o utilidades y que resulten contrarios a los derechos e intereses de ABOGADOS DAUD\u00c9N, S.L.P., sus usuarios y\/o terceros.<\/li>\n<li>No ofertar ni distribuir productos y servicios, ni realizar publicidad o comunicaciones comerciales no solicitadas a otros Usuarios y visitantes de ABOGADOS DAUD\u00c9N, S.L.P..<\/li>\n<\/ul>\n<p>El Usuario responder\u00e1 de los todos los da\u00f1os y perjuicios de toda naturaleza que ABOGADOS DAUD\u00c9N, S.L.P. o cualquier tercero pueda sufrir como consecuencia del incumplimiento de cualesquiera de las obligaciones a las que queda sometido por virtud de estas \u201cCondiciones Generales de Uso\u201d o de la ley en relaci\u00f3n con el acceso y\/o utilizaci\u00f3n de la p\u00e1gina.<\/p>\n<p>[\/vc_column_text][\/vc_column][vc_column width=\u00bb1\/2&#8243;][vc_empty_space height=\u00bb20px\u00bb][vc_column_text el_class=\u00bbtxt_18x1&#8243;]<\/p>\n<h3>4. Propiedad Intelectual e Industrial<\/h3>\n<p>El sitio web, las p\u00e1ginas que comprende y la informaci\u00f3n o elementos contenidos en las mismas (incluyendo textos, documentos, fotograf\u00edas, dibujos, representaciones gr\u00e1ficas, entre otros), as\u00ed como logotipos, marcas, nombres comerciales u otros signos distintivos, se encuentran protegidos por derechos de propiedad intelectual o industrial, de los que ABOGADOS DAUD\u00c9N, S.L.P. es titular o ostenta autorizaci\u00f3n para su utilizaci\u00f3n y comunicaci\u00f3n p\u00fablica de los leg\u00edtimos titulares de las mismas.<\/p>\n<p>El Usuario se obliga a usar los contenidos de forma diligente y correcta, de acuerdo a la ley, la moral y el orden p\u00fablico. ABOGADOS DAUD\u00c9N, S.L.P. autoriza al Usuario para visualizar la informaci\u00f3n que se contiene en este sitio web, as\u00ed como para efectuar reproducciones privadas (simple actividad de descarga y almacenamiento en sus sistemas inform\u00e1ticos), siempre y cuando los elementos sean destinados \u00fanicamente al uso personal. En ning\u00fan caso, ello significar\u00e1 una autorizaci\u00f3n o licencia sobre los derechos de propiedad de ABOGADOS DAUD\u00c9N, S.L.P. o de los leg\u00edtimos titulares de las mismas.<\/p>\n<p>El Usuario no est\u00e1 autorizado para proceder a la distribuci\u00f3n, modificaci\u00f3n, cesi\u00f3n o comunicaci\u00f3n p\u00fablica de la informaci\u00f3n contenida en esta Web en cualquier forma y cualquiera que sea su finalidad.<\/p>\n<h3>5. Enlaces<\/h3>\n<p>Las conexiones y enlaces a sitios o p\u00e1ginas Web de terceros se han establecido \u00fanicamente como una utilidad para el Usuario. ABOGADOS DAUD\u00c9N, S.L.P. no es, en ning\u00fan caso, responsable de las mismas o de su contenido.<\/p>\n<p>ABOGADOS DAUD\u00c9N, S.L.P. no asume ninguna responsabilidad derivada de la existencia de enlaces entre los contenidos de este sitio y contenidos situados fuera del mismo o de cualquier otra menci\u00f3n de contenidos externos a este sitio. Tales enlaces o menciones tienen una finalidad exclusivamente informativa y, en ning\u00fan caso, implican el apoyo, aprobaci\u00f3n, comercializaci\u00f3n o relaci\u00f3n alguna entre ABOGADOS DAUD\u00c9N, S.L.P. y las personas o entidades autoras y\/o gestoras de tales contenidos o titulares de los sitios donde se encuentren.<\/p>\n<p>Para realizar enlaces con la p\u00e1gina Web ser\u00e1 necesaria la autorizaci\u00f3n expresa y por escrito de los titulares del portal.<\/p>\n<h3>6. Responsabilidad<\/h3>\n<p>ABOGADOS DAUD\u00c9N, S.L.P. no garantiza el acceso continuado, ni la correcta visualizaci\u00f3n, descarga o utilidad de los elementos e informaci\u00f3n contenidos en las p\u00e1ginas del portal que pueden verse impedidos, dificultados o interrumpidos por factores o circunstancias fuera de su control o ajenas a su voluntad, ni de aquellos que sean producidos por la existencia de virus inform\u00e1ticos en Internet.<\/p>\n<p>ABOGADOS DAUD\u00c9N, S.L.P. no asume responsabilidad alguna por da\u00f1os, perjuicios, p\u00e9rdidas, reclamaciones o gastos, producidos por:<\/p>\n<p>(i) Interferencias, interrupciones, fallos, omisiones, retrasos, bloqueos o desconexiones, motivadas por errores en las l\u00edneas y redes de telecomunicaciones o por cualquier otra causa ajena al control de ABOGADOS DAUD\u00c9N, S.L.P.;<\/p>\n<p>(ii) Intromisiones ileg\u00edtimas mediante el uso de programas malignos de cualquier tipo y a trav\u00e9s de cualquier medio de comunicaci\u00f3n, tales como virus inform\u00e1ticos o cualesquiera otros;<\/p>\n<p>(iii) Uso indebido o inadecuado de la p\u00e1gina web de ABOGADOS DAUD\u00c9N, S.L.P.;<\/p>\n<p>(iv) Errores de seguridad o navegaci\u00f3n producidos por un mal funcionamiento del navegador o por el uso de versiones no actualizadas.<\/p>\n<p>ABOGADOS DAUD\u00c9N, S.L.P. no es responsable ni en ning\u00fan caso responder\u00e1 frente a los usuarios y a terceros sobre actos de cualquier tercero ajeno a ABOGADOS DAUD\u00c9N, S.L.P. que conlleve o pueda suponer la realizaci\u00f3n de actos de competencia desleal y publicidad il\u00edcita o la infracci\u00f3n de los derechos de propiedad intelectual e industrial, de los secretos empresariales, de compromisos contractuales de cualquier clase, de los derechos al honor, a la intimidad personal y familiar y a la imagen, de los derechos de propiedad y de toda otra naturaleza pertenecientes a un tercero por raz\u00f3n de la transmisi\u00f3n, difusi\u00f3n, almacenamiento, puesta a disposici\u00f3n, recepci\u00f3n, obtenci\u00f3n o acceso a los contenidos.<\/p>\n<h3>7. Protecci\u00f3n de Datos de Car\u00e1cter Personal<\/h3>\n<p>Toda la pol\u00edtica de tratamiento de datos personales la encontrar\u00e1s en la Pol\u00edtica de Privacidad, que forma parte integrante de estas Condiciones Generales pero que, por simplicidad, hemos puesto en un documento aparte: Pol\u00edtica de Privacidad.<\/p>\n<h3>8. Legislaci\u00f3n<\/h3>\n<p>El presente Aviso Legal y sus t\u00e9rminos y condiciones se regir\u00e1n e interpretar\u00e1n de acuerdo con la Legislaci\u00f3n Espa\u00f1ola. El usuario, por el solo hecho de acceder a la p\u00e1gina web u obtener la condici\u00f3n de usuario registrado otorga, de forma irrevocable, su consentimiento a que los Tribunales competentes por defecto puedan conocer de cualquier acci\u00f3n judicial derivada de o relacionada con las presentes condiciones, o con su uso de este Sitio o la navegaci\u00f3n realizada por el mismo.<\/p>\n<p>Si alguna cl\u00e1usula o apartado de las presentes Condiciones Generales, que no sea de naturaleza esencial para la existencia del mismo, es declarada nula o inaplicable, la validez de las restantes cl\u00e1usulas no se ver\u00e1 afectada.<\/p>\n<p>[\/vc_column_text][vc_empty_space height=\u00bb20&#8243;][\/vc_column][\/vc_row][vc_row][vc_column]<div class=\"divider dashed-sm div-center\" ><i class=\" center fa fa-chevron-up\"><\/i><\/div>[vc_empty_space height=\u00bb77&#8243;][\/vc_column][\/vc_row]<\/p>\n","protected":false},"excerpt":{"rendered":"<p><a class=\"more-btn btn btn-sm left\" href=\"https:\/\/www.dauden.com\/es\/aviso-legal\/\"><span>Leer m\u00e1s<\/span><\/a><\/p>\n","protected":false},"author":1,"featured_media":4833,"parent":0,"menu_order":0,"comment_status":"closed","ping_status":"closed","template":"","meta":[],"yoast_head":"\n<title>El acceso a www.dauden.com supone la aceptaci\u00f3n expresa del Usuario a las presentes Condiciones Generales de Uso.<\/title>\n<meta name=\"description\" content=\"Las siguientes Condiciones Generales regulan el uso y acceso al portal Web, cuya finalidad es ser puerta de entrada a ABOGADOS DAUD\u00c9N, S.L.P., ofreciendo a los usuarios informaci\u00f3n, servicios y contenidos v\u00eda Web.\" \/>\n<meta name=\"robots\" content=\"index, follow, max-snippet:-1, max-image-preview:large, max-video-preview:-1\" \/>\n<link rel=\"canonical\" href=\"https:\/\/www.dauden.com\/es\/aviso-legal\/\" \/>\n<meta property=\"og:locale\" content=\"es_ES\" \/>\n<meta property=\"og:type\" content=\"article\" \/>\n<meta property=\"og:title\" content=\"El acceso a www.dauden.com supone la aceptaci\u00f3n expresa del Usuario a las presentes Condiciones Generales de Uso.\" \/>\n<meta property=\"og:description\" content=\"Las siguientes Condiciones Generales regulan el uso y acceso al portal Web, cuya finalidad es ser puerta de entrada a ABOGADOS DAUD\u00c9N, S.L.P., ofreciendo a los usuarios informaci\u00f3n, servicios y contenidos v\u00eda Web.\" \/>\n<meta property=\"og:url\" content=\"https:\/\/www.dauden.com\/es\/aviso-legal\/\" \/>\n<meta property=\"og:site_name\" content=\"Abogados Daud\u00e9n, Agentes de la Propiedad Industrial, Marcas y Patentes, Espa\u00f1a\" \/>\n<meta property=\"article:publisher\" content=\"https:\/\/www.facebook.com\/abogadosdauden\/\" \/>\n<meta property=\"article:modified_time\" content=\"2019-11-28T09:47:48+00:00\" \/>\n<meta property=\"og:image\" content=\"https:\/\/www.dauden.com\/es\/wp-content\/uploads\/sites\/5\/2018\/06\/legal.jpg\" \/>\n\t<meta property=\"og:image:width\" content=\"340\" \/>\n\t<meta property=\"og:image:height\" content=\"200\" \/>\n<meta name=\"twitter:card\" content=\"summary_large_image\" \/>\n<meta name=\"twitter:site\" content=\"@ABOGADOSDAUDEN\" \/>\n<meta name=\"twitter:label1\" content=\"Tiempo de lectura\">\n\t<meta name=\"twitter:data1\" content=\"7 minutos\">\n<script type=\"application\/ld+json\" class=\"yoast-schema-graph\">{\"@context\":\"https:\/\/schema.org\",\"@graph\":[{\"@type\":\"WebSite\",\"@id\":\"https:\/\/www.dauden.com\/es\/#website\",\"url\":\"https:\/\/www.dauden.com\/es\/\",\"name\":\"Abogados Daud\\u00e9n, Agentes de la Propiedad Industrial, Marcas y Patentes, Espa\\u00f1a\",\"description\":\"Marcas, dise\\u00f1o comunitario y patentes, Espa\\u00f1a\",\"potentialAction\":[{\"@type\":\"SearchAction\",\"target\":\"https:\/\/www.dauden.com\/es\/?s={search_term_string}\",\"query-input\":\"required name=search_term_string\"}],\"inLanguage\":\"es\"},{\"@type\":\"ImageObject\",\"@id\":\"https:\/\/www.dauden.com\/es\/aviso-legal\/#primaryimage\",\"inLanguage\":\"es\",\"url\":\"https:\/\/www.dauden.com\/es\/wp-content\/uploads\/sites\/5\/2018\/06\/legal.jpg\",\"width\":340,\"height\":200},{\"@type\":\"WebPage\",\"@id\":\"https:\/\/www.dauden.com\/es\/aviso-legal\/#webpage\",\"url\":\"https:\/\/www.dauden.com\/es\/aviso-legal\/\",\"name\":\"El acceso a www.dauden.com supone la aceptaci\\u00f3n expresa del Usuario a las presentes Condiciones Generales de Uso.\",\"isPartOf\":{\"@id\":\"https:\/\/www.dauden.com\/es\/#website\"},\"primaryImageOfPage\":{\"@id\":\"https:\/\/www.dauden.com\/es\/aviso-legal\/#primaryimage\"},\"datePublished\":\"2018-05-04T08:32:39+00:00\",\"dateModified\":\"2019-11-28T09:47:48+00:00\",\"description\":\"Las siguientes Condiciones Generales regulan el uso y acceso al portal Web, cuya finalidad es ser puerta de entrada a ABOGADOS DAUD\\u00c9N, S.L.P., ofreciendo a los usuarios informaci\\u00f3n, servicios y contenidos v\\u00eda Web.\",\"inLanguage\":\"es\",\"potentialAction\":[{\"@type\":\"ReadAction\",\"target\":[\"https:\/\/www.dauden.com\/es\/aviso-legal\/\"]}]}]}<\/script>\n","amp_validity":null,"amp_enabled":true,"_links":{"self":[{"href":"https:\/\/www.dauden.com\/es\/wp-json\/wp\/v2\/pages\/274"}],"collection":[{"href":"https:\/\/www.dauden.com\/es\/wp-json\/wp\/v2\/pages"}],"about":[{"href":"https:\/\/www.dauden.com\/es\/wp-json\/wp\/v2\/types\/page"}],"author":[{"embeddable":true,"href":"https:\/\/www.dauden.com\/es\/wp-json\/wp\/v2\/users\/1"}],"replies":[{"embeddable":true,"href":"https:\/\/www.dauden.com\/es\/wp-json\/wp\/v2\/comments?post=274"}],"version-history":[{"count":0,"href":"https:\/\/www.dauden.com\/es\/wp-json\/wp\/v2\/pages\/274\/revisions"}],"wp:featuredmedia":[{"embeddable":true,"href":"https:\/\/www.dauden.com\/es\/wp-json\/wp\/v2\/media\/4833"}],"wp:attachment":[{"href":"https:\/\/www.dauden.com\/es\/wp-json\/wp\/v2\/media?parent=274"}],"curies":[{"name":"wp","href":"https:\/\/api.w.org\/{rel}","templated":true}]}}