{"id":18,"date":"2018-04-17T11:15:22","date_gmt":"2018-04-17T09:15:22","guid":{"rendered":"http:\/\/www.dauden.com\/es\/?page_id=18"},"modified":"2019-11-28T09:14:29","modified_gmt":"2019-11-28T08:14:29","slug":"quienes-somos","status":"publish","type":"page","link":"https:\/\/www.dauden.com\/es\/quienes-somos\/","title":{"rendered":"Quienes Somos"},"content":{"rendered":"<p>[vc_row][vc_column][vc_empty_space height=\u00bb67px\u00bb][vc_single_image image=\u00bb4501&#8243; img_size=\u00bbfull\u00bb alignment=\u00bbcenter\u00bb][vc_empty_space height=\u00bb17px\u00bb]<div class=\"divider dashed-sm div-center\" ><i class=\" center fa fa-chevron-up\"><\/i><\/div>[\/vc_column][\/vc_row][vc_row][vc_column][vc_empty_space height=\u00bb20px\u00bb]<div class='heading simple head_6a08f7ea5053a centered' ><h2 class='head_tag main-color'><\/p>\nExpertos en Propiedad Industrial\n\n<p><\/h2><\/div>[vc_empty_space height=\u00bb25px\u00bb][vc_column_text el_class=\u00bbtxt_24x2&#8243;]<\/p>\n<p style=\"text-align: center;\">El bufete no trata todas las ramas del derecho porque este no es nuestro estilo de trabajo. Estamos altamente especializados en todas las \u00e1reas de la Propiedad Intelectual (P.I.) y en particular en marcas y dise\u00f1os. Somos capaces de ofrecer servicios legales personalizados y de alta calidad a inventores y emprendedores.<\/p>\n<p>[\/vc_column_text][vc_empty_space height=\u00bb25px\u00bb]<div class=\"divider dashed-sm div-center\" ><i class=\" center fa fa-chevron-up\"><\/i><\/div>[vc_empty_space height=\u00bb45px\u00bb][\/vc_column][\/vc_row][vc_row bg_main=\u00bbimage\u00bb fluid=\u00bb1&#8243; bg_image_repeat=\u00bbno-repeat\u00bb bg_image_attachment=\u00bbfixed\u00bb bg_cover=\u00bbcover\u00bb parallax=\u00bb1&#8243; it_bg_img=\u00bb223&#8243; css=\u00bb.vc_custom_1526984641112{padding-top: 100px !important;padding-bottom: 100px !important;}\u00bb][vc_column width=\u00bb1\/4&#8243;][\/vc_column][vc_column width=\u00bb1\/2&#8243;][vc_column_text el_class=\u00bbtxt_36x2 blanco\u00bb]<\/p>\n<p style=\"text-align: center; text-transform: uppercase;\">\u201c El bufete de abogados DAUD\u00c9N nace en 1999 en Alicante, la capital europea del la Propriedad Industrial e Intelectual. \u201d<\/p>\n<p>[\/vc_column_text][\/vc_column][vc_column width=\u00bb1\/4&#8243;][\/vc_column][\/vc_row][vc_row][vc_column][vc_empty_space height=\u00bb80px\u00bb]<div class='heading simple head_6a08f7ea5066d centered' ><h2 class='head_tag main-color'><\/p>\nNuestra lengua de trabajo es&#8230; La Propiedad Intelectual\n<p><\/h2><\/div>[vc_empty_space height=\u00bb15px\u00bb][vc_column_text el_class=\u00bbtxt_24x2&#8243;]<\/p>\n<p style=\"text-align: center;\">Los muchos clientes internacionales a gestionar, as\u00ed como la naturaleza internacional del derecho industrial, requiere la habilidad y la capacidad de hablar diferentes idiomas. Es por eso que nuestro equipo est\u00e1 formado por profesionales que hablan correctamente en <strong>espa\u00f1ol, ingl\u00e9s, italiano y franc\u00e9s.<\/strong><\/p>\n<p>[\/vc_column_text][vc_empty_space height=\u00bb60px\u00bb]<div class=\"divider dashed-sm div-center\" ><i class=\" center fa fa-chevron-up\"><\/i><\/div>[vc_empty_space height=\u00bb60px\u00bb][\/vc_column][\/vc_row][vc_row bg_main=\u00bbimage\u00bb fluid=\u00bb1&#8243; bg_image_repeat=\u00bbno-repeat\u00bb bg_image_attachment=\u00bbfixed\u00bb bg_cover=\u00bbcover\u00bb parallax=\u00bb1&#8243; it_bg_img=\u00bb4301&#8243; css=\u00bb.vc_custom_1526982775736{padding-top: 300px !important;padding-bottom: 300px !important;}\u00bb el_class=\u00bbminh200px\u00bb][vc_column][\/vc_column][\/vc_row]<\/p>\n","protected":false},"excerpt":{"rendered":"<p><a class=\"more-btn btn btn-sm left\" href=\"https:\/\/www.dauden.com\/es\/quienes-somos\/\"><span>Leer m\u00e1s<\/span><\/a><\/p>\n","protected":false},"author":1,"featured_media":4797,"parent":0,"menu_order":0,"comment_status":"closed","ping_status":"closed","template":"","meta":[],"yoast_head":"\n<title>Expertos en propiedad intelectual, en Alicante, Espa\u00f1a, la capital de la propiedad intelectual en Europa<\/title>\n<meta name=\"description\" content=\"Abogados Daud\u00e9n es una agencia de expertos en Propiedad Intelectual, en Alicante, Espa\u00f1a, la capital de la propiedad intelectual en Europa, que se estableci\u00f3 en 1999 y se origina en G\u00f3mez-Daud\u00e9n, una firma de consultor\u00eda legal y fiscal con m\u00e1s de cuarenta a\u00f1os de experiencia en Brindar asesoramiento jur\u00eddico integral a las empresas.\" \/>\n<meta name=\"robots\" content=\"index, follow, max-snippet:-1, max-image-preview:large, max-video-preview:-1\" \/>\n<link rel=\"canonical\" href=\"https:\/\/www.dauden.com\/es\/quienes-somos\/\" \/>\n<meta property=\"og:locale\" content=\"es_ES\" \/>\n<meta property=\"og:type\" content=\"article\" \/>\n<meta property=\"og:title\" content=\"Expertos en propiedad intelectual, en Alicante, Espa\u00f1a, la capital de la propiedad intelectual en Europa\" \/>\n<meta property=\"og:description\" content=\"Abogados Daud\u00e9n es una agencia de expertos en Propiedad Intelectual, en Alicante, Espa\u00f1a, la capital de la propiedad intelectual en Europa, que se estableci\u00f3 en 1999 y se origina en G\u00f3mez-Daud\u00e9n, una firma de consultor\u00eda legal y fiscal con m\u00e1s de cuarenta a\u00f1os de experiencia en Brindar asesoramiento jur\u00eddico integral a las empresas.\" \/>\n<meta property=\"og:url\" content=\"https:\/\/www.dauden.com\/es\/quienes-somos\/\" \/>\n<meta property=\"og:site_name\" content=\"Abogados Daud\u00e9n, Agentes de la Propiedad Industrial, Marcas y Patentes, Espa\u00f1a\" \/>\n<meta property=\"article:publisher\" content=\"https:\/\/www.facebook.com\/abogadosdauden\/\" \/>\n<meta property=\"article:modified_time\" content=\"2019-11-28T08:14:29+00:00\" \/>\n<meta property=\"og:image\" content=\"https:\/\/www.dauden.com\/es\/wp-content\/uploads\/sites\/5\/2018\/06\/about.jpg\" \/>\n\t<meta property=\"og:image:width\" content=\"340\" \/>\n\t<meta property=\"og:image:height\" content=\"200\" \/>\n<meta name=\"twitter:card\" content=\"summary_large_image\" \/>\n<meta name=\"twitter:site\" content=\"@ABOGADOSDAUDEN\" \/>\n<meta name=\"twitter:label1\" content=\"Tiempo de lectura\">\n\t<meta name=\"twitter:data1\" content=\"2 minutos\">\n<script type=\"application\/ld+json\" class=\"yoast-schema-graph\">{\"@context\":\"https:\/\/schema.org\",\"@graph\":[{\"@type\":\"WebSite\",\"@id\":\"https:\/\/www.dauden.com\/es\/#website\",\"url\":\"https:\/\/www.dauden.com\/es\/\",\"name\":\"Abogados Daud\\u00e9n, Agentes de la Propiedad Industrial, Marcas y Patentes, Espa\\u00f1a\",\"description\":\"Marcas, dise\\u00f1o comunitario y patentes, Espa\\u00f1a\",\"potentialAction\":[{\"@type\":\"SearchAction\",\"target\":\"https:\/\/www.dauden.com\/es\/?s={search_term_string}\",\"query-input\":\"required name=search_term_string\"}],\"inLanguage\":\"es\"},{\"@type\":\"ImageObject\",\"@id\":\"https:\/\/www.dauden.com\/es\/quienes-somos\/#primaryimage\",\"inLanguage\":\"es\",\"url\":\"https:\/\/www.dauden.com\/es\/wp-content\/uploads\/sites\/5\/2018\/06\/about.jpg\",\"width\":340,\"height\":200},{\"@type\":\"WebPage\",\"@id\":\"https:\/\/www.dauden.com\/es\/quienes-somos\/#webpage\",\"url\":\"https:\/\/www.dauden.com\/es\/quienes-somos\/\",\"name\":\"Expertos en propiedad intelectual, en Alicante, Espa\\u00f1a, la capital de la propiedad intelectual en Europa\",\"isPartOf\":{\"@id\":\"https:\/\/www.dauden.com\/es\/#website\"},\"primaryImageOfPage\":{\"@id\":\"https:\/\/www.dauden.com\/es\/quienes-somos\/#primaryimage\"},\"datePublished\":\"2018-04-17T09:15:22+00:00\",\"dateModified\":\"2019-11-28T08:14:29+00:00\",\"description\":\"Abogados Daud\\u00e9n es una agencia de expertos en Propiedad Intelectual, en Alicante, Espa\\u00f1a, la capital de la propiedad intelectual en Europa, que se estableci\\u00f3 en 1999 y se origina en G\\u00f3mez-Daud\\u00e9n, una firma de consultor\\u00eda legal y fiscal con m\\u00e1s de cuarenta a\\u00f1os de experiencia en Brindar asesoramiento jur\\u00eddico integral a las empresas.\",\"inLanguage\":\"es\",\"potentialAction\":[{\"@type\":\"ReadAction\",\"target\":[\"https:\/\/www.dauden.com\/es\/quienes-somos\/\"]}]}]}<\/script>\n","amp_validity":null,"amp_enabled":true,"_links":{"self":[{"href":"https:\/\/www.dauden.com\/es\/wp-json\/wp\/v2\/pages\/18"}],"collection":[{"href":"https:\/\/www.dauden.com\/es\/wp-json\/wp\/v2\/pages"}],"about":[{"href":"https:\/\/www.dauden.com\/es\/wp-json\/wp\/v2\/types\/page"}],"author":[{"embeddable":true,"href":"https:\/\/www.dauden.com\/es\/wp-json\/wp\/v2\/users\/1"}],"replies":[{"embeddable":true,"href":"https:\/\/www.dauden.com\/es\/wp-json\/wp\/v2\/comments?post=18"}],"version-history":[{"count":1,"href":"https:\/\/www.dauden.com\/es\/wp-json\/wp\/v2\/pages\/18\/revisions"}],"predecessor-version":[{"id":5202,"href":"https:\/\/www.dauden.com\/es\/wp-json\/wp\/v2\/pages\/18\/revisions\/5202"}],"wp:featuredmedia":[{"embeddable":true,"href":"https:\/\/www.dauden.com\/es\/wp-json\/wp\/v2\/media\/4797"}],"wp:attachment":[{"href":"https:\/\/www.dauden.com\/es\/wp-json\/wp\/v2\/media?parent=18"}],"curies":[{"name":"wp","href":"https:\/\/api.w.org\/{rel}","templated":true}]}}